{"id":46,"date":"2014-10-02T17:54:41","date_gmt":"2014-10-02T16:54:41","guid":{"rendered":"http:\/\/www.eaubonnejudo.com\/wp\/?page_id=46"},"modified":"2022-03-26T09:45:55","modified_gmt":"2022-03-26T08:45:55","slug":"videos","status":"publish","type":"page","link":"http:\/\/www.eaubonnejudo.com\/wp\/medias\/videos\/","title":{"rendered":"Vid\u00e9os"},"content":{"rendered":"<h6 style=\"text-align: center;\"><a title=\"Actualiser si rien ne s'affiche\" href=\"http:\/\/www.eaubonnejudo.com\/wp\/medias\/videos\/\"><em>Actualiser si rien ne s&#8217;affiche.<\/em><\/a><\/h6>\n<div class=\"lyte-wrapper fourthree\" style=\"width:420px;max-width:100%;margin:5px;\"><div class=\"lyMe\" id=\"WYL_EtfeKkvs05k\"><div id=\"lyte_EtfeKkvs05k\" data-src=\"\/\/i.ytimg.com\/vi\/EtfeKkvs05k\/hqdefault.jpg\" class=\"pL\"><div class=\"tC\"><div class=\"tT\"><\/div><\/div><div class=\"play\"><\/div><div class=\"ctrl\"><div class=\"Lctrl\"><\/div><div class=\"Rctrl\"><\/div><\/div><\/div><noscript><a href=\"http:\/\/youtu.be\/EtfeKkvs05k\" rel=\"nofollow\"><img loading=\"lazy\" decoding=\"async\" src=\"http:\/\/i.ytimg.com\/vi\/EtfeKkvs05k\/0.jpg\" alt=\"YouTube video thumbnail\" width=\"420\" height=\"295\" \/><\/a><\/noscript><\/div><\/div><div class=\"lL\" style=\"max-width:100%;width:420px;margin:5px;\"> <a href=\"http:\/\/youtu.be\/EtfeKkvs05k\" target=\"_blank\">Lire cette vid\u00e9o sur YouTube<\/a>.<\/div><\/p>\n<p><strong><span style=\"color: #ff0000; text-decoration: underline;\">Cliquez sur les liens:<\/span><\/strong><\/p>\n<div>\n<div id=\"AppleMailSignature\">Judo technique:\u00a0\u00a0\u00a0\u00a0\u00a0 <a href=\"https:\/\/youtu.be\/JdLtE0ftfmQ\">GOKYO<\/a>\u00a0 \u00a0 \u00a0<a href=\"https:\/\/youtu.be\/TltT4m1_exE\">Nomenclature technique 1er Dan<\/a><\/div>\n<\/div>\n<div>Ta\u00efso:\u00a0\u00a0<a href=\"https:\/\/youtu.be\/BIm7QbbmEPA?t=2\"> Ta\u00efso<\/a><\/div>\n<div>Jujitsu:<\/div>\n<div><a href=\"https:\/\/youtu.be\/8vtcVmz2afI?t=1\">Jujitsu Habilit\u00e9s<\/a><\/div>\n<div><a href=\"https:\/\/youtu.be\/fAC4_rfBINU?t=1\">20 Impos\u00e9s Attaques-D\u00e9fenses<\/a><\/div>\n<div><\/div>\n<div><\/div>\n<div><\/div>\n","protected":false},"excerpt":{"rendered":"<p>Actualiser si rien ne s&#8217;affiche. Lire cette vid\u00e9o sur YouTube. Cliquez sur les liens: Judo technique:\u00a0\u00a0\u00a0\u00a0\u00a0 GOKYO\u00a0 \u00a0 \u00a0Nomenclature technique 1er Dan Ta\u00efso:\u00a0\u00a0 Ta\u00efso Jujitsu: Jujitsu Habilit\u00e9s 20 Impos\u00e9s Attaques-D\u00e9fenses<\/p>\n","protected":false},"author":1,"featured_media":0,"parent":42,"menu_order":0,"comment_status":"open","ping_status":"open","template":"","meta":{"footnotes":""},"_links":{"self":[{"href":"http:\/\/www.eaubonnejudo.com\/wp\/wp-json\/wp\/v2\/pages\/46"}],"collection":[{"href":"http:\/\/www.eaubonnejudo.com\/wp\/wp-json\/wp\/v2\/pages"}],"about":[{"href":"http:\/\/www.eaubonnejudo.com\/wp\/wp-json\/wp\/v2\/types\/page"}],"author":[{"embeddable":true,"href":"http:\/\/www.eaubonnejudo.com\/wp\/wp-json\/wp\/v2\/users\/1"}],"replies":[{"embeddable":true,"href":"http:\/\/www.eaubonnejudo.com\/wp\/wp-json\/wp\/v2\/comments?post=46"}],"version-history":[{"count":20,"href":"http:\/\/www.eaubonnejudo.com\/wp\/wp-json\/wp\/v2\/pages\/46\/revisions"}],"predecessor-version":[{"id":2115,"href":"http:\/\/www.eaubonnejudo.com\/wp\/wp-json\/wp\/v2\/pages\/46\/revisions\/2115"}],"up":[{"embeddable":true,"href":"http:\/\/www.eaubonnejudo.com\/wp\/wp-json\/wp\/v2\/pages\/42"}],"wp:attachment":[{"href":"http:\/\/www.eaubonnejudo.com\/wp\/wp-json\/wp\/v2\/media?parent=46"}],"curies":[{"name":"wp","href":"https:\/\/api.w.org\/{rel}","templated":true}]}}