{"id":505,"date":"2015-02-26T14:34:12","date_gmt":"2015-02-26T13:34:12","guid":{"rendered":"http:\/\/www.eaubonnejudo.com\/wp\/?page_id=505"},"modified":"2015-03-07T22:26:57","modified_gmt":"2015-03-07T21:26:57","slug":"articles-de-presse","status":"publish","type":"page","link":"http:\/\/www.eaubonnejudo.com\/wp\/articles-de-presse\/","title":{"rendered":"Articles de Presse"},"content":{"rendered":"<p>1- <a href=\"http:\/\/www.eaubonnejudo.com\/images\/la%20gazette%20des%20sports%2023%2005%202012\">&#8220;Tir group\u00e9 pour les eaubonnais&#8221;<\/a><\/p>\n<p>2- <a href=\"http:\/\/www.eaubonnejudo.com\/images\/lagazettehugo\">&#8220;Hugo CECILIA-JOSEPH champion de la Coupe de France cadets&#8221;<\/a><\/p>\n<p>3- <a href=\"http:\/\/www.eaubonnejudo.com\/images\/quatorze%20judokas%20en%20stage%20\u00e0%20Londres.pdf\">&#8220;Quatorze judokas en stage \u00e0 Londres&#8221;<\/a><\/p>\n<p>4- <a href=\"http:\/\/www.eaubonnejudo.com\/images\/Plus%20de%20900%20judokas%20\u00e0%20Eaubonne.pdf\">&#8220;Plus de 900 judokas \u00e0 Eaubonne&#8221;<\/a><\/p>\n<p>5- <a href=\"http:\/\/www.gazettevaldoise.fr\/breves\/4995-judo-les-cadets-deaubonne-brillent-au-championnat-du-val-doise\/\">Les Cadets Champions du Val d&#8217;oise par \u00e9quipes<\/a><a href=\"http:\/\/www.gazettevaldoise.fr\/breves\/4995-judo-les-cadets-deaubonne-brillent-au-championnat-du-val-doise\/\">\u00a0de clubs<\/a><\/p>\n<p>6-\u00a0 \u00a0<a href=\"http:\/\/www.gazettevaldoise.fr\/2014\/02\/04\/arts-martiaux-les-eaubonnais-cartonnent\/\">Le Jujitsu se distingue au niveau national<\/a><\/p>\n<p>7- <a href=\"http:\/\/www.eaubonnejudo.com\/wp\/wp-content\/uploads\/2015\/02\/IMG_1157.jpg\">Eaubonne investit les championnats de France<\/a>\u00a0Cadets<\/p>\n","protected":false},"excerpt":{"rendered":"<p>1- &#8220;Tir group\u00e9 pour les eaubonnais&#8221; 2- &#8220;Hugo CECILIA-JOSEPH champion de la Coupe de France cadets&#8221; 3- &#8220;Quatorze judokas en stage \u00e0 Londres&#8221; 4- &#8220;Plus de 900 judokas \u00e0 Eaubonne&#8221; 5- Les Cadets Champions du Val d&#8217;oise par \u00e9quipes\u00a0de clubs 6-\u00a0 \u00a0Le Jujitsu se distingue au niveau national 7- Eaubonne investit les championnats de France\u00a0Cadets<\/p>\n","protected":false},"author":1,"featured_media":0,"parent":0,"menu_order":0,"comment_status":"open","ping_status":"open","template":"","meta":{"footnotes":""},"_links":{"self":[{"href":"http:\/\/www.eaubonnejudo.com\/wp\/wp-json\/wp\/v2\/pages\/505"}],"collection":[{"href":"http:\/\/www.eaubonnejudo.com\/wp\/wp-json\/wp\/v2\/pages"}],"about":[{"href":"http:\/\/www.eaubonnejudo.com\/wp\/wp-json\/wp\/v2\/types\/page"}],"author":[{"embeddable":true,"href":"http:\/\/www.eaubonnejudo.com\/wp\/wp-json\/wp\/v2\/users\/1"}],"replies":[{"embeddable":true,"href":"http:\/\/www.eaubonnejudo.com\/wp\/wp-json\/wp\/v2\/comments?post=505"}],"version-history":[{"count":5,"href":"http:\/\/www.eaubonnejudo.com\/wp\/wp-json\/wp\/v2\/pages\/505\/revisions"}],"predecessor-version":[{"id":544,"href":"http:\/\/www.eaubonnejudo.com\/wp\/wp-json\/wp\/v2\/pages\/505\/revisions\/544"}],"wp:attachment":[{"href":"http:\/\/www.eaubonnejudo.com\/wp\/wp-json\/wp\/v2\/media?parent=505"}],"curies":[{"name":"wp","href":"https:\/\/api.w.org\/{rel}","templated":true}]}}